{"id":704,"date":"2013-03-23T13:05:30","date_gmt":"2013-03-23T13:05:30","guid":{"rendered":"http:\/\/themenectar.com\/demo\/salient\/?page_id=20"},"modified":"2025-03-04T12:05:16","modified_gmt":"2025-03-04T12:05:16","slug":"about-bus-algarve-rental","status":"publish","type":"page","link":"https:\/\/bus-algarve.com\/sv\/about-bus-algarve-rental\/","title":{"rendered":"Om oss"},"content":{"rendered":"<div id=\"fws_69f60931ea345\"  data-column-margin=\"default\" data-midnight=\"dark\" data-top-percent=\"10%\" data-bottom-percent=\"5%\"  class=\"wpb_row vc_row-fluid vc_row full-width-section has-row-bg-color\"  style=\"padding-top: calc(100vw * 0.10); padding-bottom: calc(100vw * 0.05); --row-bg-color: #ffffff;\"><div class=\"row-bg-wrap\" data-bg-animation=\"none\" data-bg-animation-delay=\"\" data-bg-overlay=\"false\"><div class=\"inner-wrap row-bg-layer\" ><div class=\"row-bg viewport-desktop using-bg-color\"  style=\"background-color: #ffffff; \"><\/div><\/div><\/div><div class=\"row_col_wrap_12 col span_12 dark left\">\n\t<div  class=\"vc_col-sm-12 wpb_column column_container vc_column_container col no-extra-padding inherit_tablet inherit_phone\"  data-padding-pos=\"all\" data-has-bg-color=\"false\" data-bg-color=\"\" data-bg-opacity=\"1\" data-animation=\"\" data-delay=\"0\" >\n\t\t<div class=\"vc_column-inner\" >\n\t\t\t<div class=\"wpb_wrapper\">\n\t\t\t\t<div id=\"fws_69f60931eabc8\" data-midnight=\"\" data-column-margin=\"default\" class=\"wpb_row vc_row-fluid vc_row inner_row  right_padding_50pct right_padding_tablet_0px\"  style=\"\"><div class=\"row-bg-wrap\"> <div class=\"row-bg\" ><\/div> <\/div><div class=\"row_col_wrap_12_inner col span_12  left\">\n\t<div  class=\"vc_col-sm-12 wpb_column column_container vc_column_container col child_column no-extra-padding inherit_tablet inherit_phone\"   data-padding-pos=\"all\" data-has-bg-color=\"false\" data-bg-color=\"\" data-bg-opacity=\"1\" data-animation=\"\" data-delay=\"0\" >\n\t\t<div class=\"vc_column-inner\" >\n\t\t<div class=\"wpb_wrapper\">\n\t\t\t<div class=\"nectar-split-heading\" data-align=\"default\" data-m-align=\"inherit\" data-text-effect=\"default\" data-animation-type=\"line-reveal-by-space\" data-animation-delay=\"0\" data-animation-offset=\"\" data-m-rm-animation=\"\" data-stagger=\"\" data-custom-font-size=\"false\" ><h1 style=\" color: #004aad;\">Om oss<\/h1><\/div><div class=\"vc_separator wpb_content_element vc_separator_align_left vc_sep_width_100 vc_sep_pos_align_center vc_sep_color_grey wpb_content_element vc_separator-has-text\" ><span class=\"vc_sep_holder vc_sep_holder_l\"><span class=\"vc_sep_line\"><\/span><\/span><h4>Ett lokalt transportf\u00f6retag f\u00f6r n\u00e4r du beh\u00f6ver lokal expertis<\/h4><span class=\"vc_sep_holder vc_sep_holder_r\"><span class=\"vc_sep_line\"><\/span><\/span>\n<\/div>\n\t\t<\/div> \n\t<\/div>\n\t<\/div> \n<\/div><\/div><div id=\"fws_69f60931eb679\" data-midnight=\"\" data-column-margin=\"default\" class=\"wpb_row vc_row-fluid vc_row inner_row\"  style=\"\"><div class=\"row-bg-wrap\"> <div class=\"row-bg\" ><\/div> <\/div><div class=\"row_col_wrap_12_inner col span_12  left\">\n\t<div  class=\"vc_col-sm-6 wpb_column column_container vc_column_container col child_column padding-3-percent inherit_tablet inherit_phone\"   data-padding-pos=\"top-bottom\" data-has-bg-color=\"false\" data-bg-color=\"\" data-bg-opacity=\"1\" data-animation=\"\" data-delay=\"0\" >\n\t\t<div class=\"vc_column-inner\" >\n\t\t<div class=\"wpb_wrapper\">\n\t\t\t\n<div class=\"wpb_text_column wpb_content_element  vc_custom_1739886033367\" >\n\t<p>Buss Algarve erbjuder s\u00e4kra, p\u00e5litliga och bekv\u00e4ma bussresor i Algarve och \u00f6ver hela Portugal. V\u00e5r transportverksamhet \u00e4r fokuserad p\u00e5 kvalitet, p\u00e5litlighet och ett uppriktigt, v\u00e4nligt f\u00f6rh\u00e5llningss\u00e4tt.<\/p>\n<p>V\u00e5ra erfarna, kvalificerade och p\u00e5litliga f\u00f6rare \u00e4r lokalbefolkning med omfattande kunskap om Algarves v\u00e4gn\u00e4t. Denna lokala expertis s\u00e4kerst\u00e4ller ankomster i tid, och om n\u00e5gra of\u00f6rutsedda omst\u00e4ndigheter uppst\u00e5r \u00e4r v\u00e5ra f\u00f6rare skickliga p\u00e5 att navigera alternativa rutter med minimalt kr\u00e5ngel eller f\u00f6rseningar.<\/p>\n<p>Alla f\u00f6rare innehar ett CAM \u2013 Certificate of Aptitude for Drivers och CQM \u2013 Qualification Card for Professional Drivers, och \u00e4r noggrant utredda f\u00f6r din sinnesfrid och f\u00e5r regelbunden professionell utbildning f\u00f6r att h\u00e5lla sina f\u00e4rdigheter uppdaterade.<\/p>\n<\/div>\n\n\n\n\n\t\t<\/div> \n\t<\/div>\n\t<\/div> \n\n\t<div  class=\"vc_col-sm-6 wpb_column column_container vc_column_container col child_column padding-3-percent inherit_tablet inherit_phone\"   data-padding-pos=\"top-bottom\" data-has-bg-color=\"false\" data-bg-color=\"\" data-bg-opacity=\"1\" data-animation=\"\" data-delay=\"0\" >\n\t\t<div class=\"vc_column-inner\" >\n\t\t<div class=\"wpb_wrapper\">\n\t\t\t\n<div class=\"wpb_text_column wpb_content_element  vc_custom_1739886469323\" >\n\t<p>Vi \u00e4r engagerade i kvalitet i alla aspekter, fr\u00e5n v\u00e5r flotta av bekv\u00e4ma fordon till v\u00e5r effektiva och v\u00e4nliga kundservice.<\/p>\n<p>I dagens v\u00e4rld av tr\u00e5ngt och stressigt resor \u00e4r v\u00e5rt m\u00e5l att g\u00f6ra varje bussresa till en avkopplande och njutbar upplevelse f\u00f6r v\u00e5ra passagerare.<\/p>\n<p>Hur kan vi hj\u00e4lpa dig att planera din resa? Utforska v\u00e5rt utbud av tj\u00e4nster, inklusive uthyrning av skola, br\u00f6llop och speciella tillf\u00e4llen, f\u00f6retag och gruppresor. Beg\u00e4r en offert idag \u2013 vi vill g\u00e4rna h\u00f6ra fr\u00e5n dig!<\/p>\n<p>V\u00e5r licens, utf\u00e4rdad av det portugisiska institutet f\u00f6r mobilitet och transport \u00e4r <em>201056<\/em>. Att resa med oss inneb\u00e4r att du har ett fullt f\u00f6rs\u00e4krat och licensierat bolag, p\u00e5 vilka tj\u00e4nster du helt kan lita p\u00e5.<\/p>\n<\/div>\n\n\n\n\n\t\t<\/div> \n\t<\/div>\n\t<\/div> \n<\/div><\/div>\n\t\t\t<\/div> \n\t\t<\/div>\n\t<\/div> \n<\/div><\/div><div id=\"fws_69f60931ec208\" class=\"wpb_row legacy vc_row-fluid full-width-section standard_section\"  style=\"padding-top: 50px; padding-bottom: 40px; \"><div class=\"row-bg-wrap\"> <div class=\"row-bg  using-bg-color\" style=\"background-color: #dd6c21; \"><\/div> <\/div><div class=\"col span_12 light\">\n\t<div  class=\"vc_col-sm-12 wpb_column column_container vc_column_container col no-extra-padding inherit_tablet inherit_phone\"  data-padding-pos=\"all\" data-has-bg-color=\"false\" data-bg-color=\"\" data-bg-opacity=\"1\" data-animation=\"\" data-delay=\"0\" >\n\t\t<div class=\"vc_column-inner\" ><a class=\"column-link\" target=\"_self\" href=\"https:\/\/bus-algarve.com\/sv\/ask-quote\/\"><\/a>\n\t\t\t<div class=\"wpb_wrapper\">\n\t\t\t\t\n<div class=\"wpb_text_column wpb_content_element\" >\n\t<h3 class=\"light\" style=\"text-align: center;\"><strong>F\u00e5 din personliga offert idag! \u27a1\ufe0f<br \/>\n<\/strong><\/h3>\n<\/div>\n\n\n\n\n\t\t\t<\/div> \n\t\t<\/div>\n\t<\/div> \n<\/div><\/div><div id=\"fws_69f60931ec955\" class=\"wpb_row legacy vc_row-fluid full-width-section standard_section\"  style=\"padding-top: 100px; padding-bottom: 100px; \"><div class=\"row-bg-wrap\"> <div class=\"row-bg  using-bg-color\" style=\"background-color: #fdfdfd; \"><\/div> <\/div><div class=\"col span_12 dark\"><div class=\"col span_3 centered-text\" data-animation=\"\" data-delay=\"0\">\n<div class=\"wpb_text_column wpb_content_element\" >\n\t<i class=\"icon-3x icon-check extra-color-1\"><i class=\"circle-border\"><\/i><\/i>\n<h3>Bekv\u00e4m<\/h3>\n<p>Flexibla l\u00f6sningar som tillgodoser dina transportbehov<\/p>\n<\/div>\n\n\n\n<\/div><div class=\"col span_3 centered-text\" data-animation=\"\" data-delay=\"0\">\n<div class=\"wpb_text_column wpb_content_element\" >\n\t<i class=\"icon-3x icon-check extra-color-2\"><i class=\"circle-border\"><\/i><\/i>\n<h3>Bekv\u00e4m &amp; S\u00e4ker<\/h3>\n<p>Res bekv\u00e4mt med professionella lokala f\u00f6rare<\/p>\n<\/div>\n\n\n\n<\/div><div class=\"col span_3 centered-text\" data-animation=\"\" data-delay=\"0\">\n<div class=\"wpb_text_column wpb_content_element\" >\n\t<i class=\"icon-3x icon-check accent-color\"><i class=\"circle-border\"><\/i><\/i>\n<h3>R\u00e4ttvisa priser<\/h3>\n<p>Konkurrenskraftiga priser f\u00f6r busstransfer utan dolda avgifter<\/p>\n<\/div>\n\n\n\n<\/div><div class=\"col span_3 col_last centered-text\" data-animation=\"\" data-delay=\"0\">\n<div class=\"wpb_text_column wpb_content_element\" >\n\t<i class=\"icon-3x icon-check extra-color-3\"><i class=\"circle-border\"><\/i><\/i>\n<h3>L\u00e4tt resa<\/h3>\n<p>Vi hj\u00e4lper dig att planera din gruppresa med v\u00e4nner, familj eller kollegor<\/p>\n<\/div>\n\n\n\n<\/div><div class=\"clear\"><\/div><\/div><\/div>\n\t\t<div id=\"fws_69f60931ed3f4\"  data-column-margin=\"default\" data-midnight=\"dark\"  class=\"wpb_row vc_row-fluid vc_row full-width-section\"  style=\"padding-top: 0px; padding-bottom: 0px; \"><div class=\"row-bg-wrap\" data-bg-animation=\"none\" data-bg-animation-delay=\"\" data-bg-overlay=\"false\"><div class=\"inner-wrap row-bg-layer\" ><div class=\"row-bg viewport-desktop\"  style=\"\"><\/div><\/div><\/div><div class=\"row_col_wrap_12 col span_12 dark left\">\n\t<div  class=\"vc_col-sm-12 wpb_column column_container vc_column_container col no-extra-padding inherit_tablet inherit_phone\"  data-padding-pos=\"all\" data-has-bg-color=\"false\" data-bg-color=\"\" data-bg-opacity=\"1\" data-animation=\"\" data-delay=\"0\" >\n\t\t<div class=\"vc_column-inner\" >\n\t\t\t<div class=\"wpb_wrapper\">\n\t\t\t\t<div class=\"divider-wrap\" data-alignment=\"default\"><div style=\"margin-top: 12.5px; height: 1px; margin-bottom: 12.5px;\" data-width=\"100%\" data-animate=\"\" data-animation-delay=\"\" data-color=\"default\" class=\"divider-border\"><\/div><\/div><div class=\"img-with-aniamtion-wrap center\" data-max-width=\"100%\" data-max-width-mobile=\"default\" data-shadow=\"none\" data-animation=\"none\"  style=\"margin-top: 40px; margin-bottom: 40px; \">\n      <div class=\"inner\">\n        <div class=\"hover-wrap\"> \n          <div class=\"hover-wrap-inner\">\n            <img loading=\"lazy\" decoding=\"async\" class=\"img-with-animation skip-lazy\" data-delay=\"0\" height=\"110\" width=\"432\" data-animation=\"none\" src=\"https:\/\/bus-algarve.com\/wp-content\/uploads\/sites\/18\/2025\/01\/logo_arp.png\" alt=\"\" srcset=\"https:\/\/bus-algarve.com\/wp-content\/uploads\/sites\/18\/2025\/01\/logo_arp.png 432w, https:\/\/bus-algarve.com\/wp-content\/uploads\/sites\/18\/2025\/01\/logo_arp-300x76.png 300w\" sizes=\"auto, (max-width: 432px) 100vw, 432px\" \/>\n          <\/div>\n        <\/div>\n        \n      <\/div>\n    <\/div>\n\t\t\t<\/div> \n\t\t<\/div>\n\t<\/div> \n<\/div><\/div>","protected":false},"excerpt":{"rendered":"About UsA local transportation company for when you need local expertise Bus Algarve provides safe, reliable and comfortable coach travel in the Algarve and across Portugal. Our transportation activity is...","protected":false},"author":8,"featured_media":0,"parent":0,"menu_order":0,"comment_status":"open","ping_status":"closed","template":"","meta":{"_acf_changed":false,"inline_featured_image":false,"footnotes":""},"class_list":["post-704","page","type-page","status-publish"],"acf":[],"yoast_head":"<!-- This site is optimized with the Yoast SEO Premium plugin v26.8 (Yoast SEO v27.5) - https:\/\/yoast.com\/product\/yoast-seo-premium-wordpress\/ -->\n<title>About Us - Bus Algarve<\/title>\n<meta name=\"description\" content=\"Bus Algarve provides safe, reliable and comfortable coach travel in the Algarve and across Portugal. Our transportation activity is focused on quality, dependability, and a sincere, friendly approach.\" \/>\n<meta name=\"robots\" content=\"index, follow, max-snippet:-1, max-image-preview:large, max-video-preview:-1\" \/>\n<link rel=\"canonical\" href=\"https:\/\/bus-algarve.com\/sv\/about-bus-algarve-rental\/\" \/>\n<meta property=\"og:locale\" content=\"sv_SE\" \/>\n<meta property=\"og:type\" content=\"article\" \/>\n<meta property=\"og:title\" content=\"About Us Bus Algarve provides safe, reliable and comfortable coach travel in the Algarve\" \/>\n<meta property=\"og:description\" content=\"Bus Algarve provides safe, reliable and comfortable coach travel in the Algarve\" \/>\n<meta property=\"og:url\" content=\"https:\/\/bus-algarve.com\/sv\/about-bus-algarve-rental\/\" \/>\n<meta property=\"og:site_name\" content=\"Bus Algarve\" \/>\n<meta property=\"article:modified_time\" content=\"2025-03-04T12:05:16+00:00\" \/>\n<meta property=\"og:image\" content=\"https:\/\/bus-algarve.com\/wp-content\/uploads\/sites\/18\/2025\/02\/ask-quote-bus-algarve.jpg\" \/>\n\t<meta property=\"og:image:width\" content=\"1800\" \/>\n\t<meta property=\"og:image:height\" content=\"1200\" \/>\n\t<meta property=\"og:image:type\" content=\"image\/jpeg\" \/>\n<meta name=\"twitter:card\" content=\"summary_large_image\" \/>\n<meta name=\"twitter:title\" content=\"About Us\" \/>\n<meta name=\"twitter:label1\" content=\"Ber\u00e4knad l\u00e4stid\" \/>\n\t<meta name=\"twitter:data1\" content=\"2 minuter\" \/>\n<script type=\"application\/ld+json\" class=\"yoast-schema-graph\">{\"@context\":\"https:\\\/\\\/schema.org\",\"@graph\":[{\"@type\":\"WebPage\",\"@id\":\"https:\\\/\\\/bus-algarve.com\\\/about-bus-algarve-rental\\\/\",\"url\":\"https:\\\/\\\/bus-algarve.com\\\/about-bus-algarve-rental\\\/\",\"name\":\"About Us - Bus Algarve\",\"isPartOf\":{\"@id\":\"https:\\\/\\\/bus-algarve.com\\\/#website\"},\"datePublished\":\"2013-03-23T13:05:30+00:00\",\"dateModified\":\"2025-03-04T12:05:16+00:00\",\"description\":\"Bus Algarve provides safe, reliable and comfortable coach travel in the Algarve and across Portugal. Our transportation activity is focused on quality, dependability, and a sincere, friendly approach.\",\"breadcrumb\":{\"@id\":\"https:\\\/\\\/bus-algarve.com\\\/about-bus-algarve-rental\\\/#breadcrumb\"},\"inLanguage\":\"sv-SE\",\"potentialAction\":[{\"@type\":\"ReadAction\",\"target\":[\"https:\\\/\\\/bus-algarve.com\\\/about-bus-algarve-rental\\\/\"]}]},{\"@type\":\"BreadcrumbList\",\"@id\":\"https:\\\/\\\/bus-algarve.com\\\/about-bus-algarve-rental\\\/#breadcrumb\",\"itemListElement\":[{\"@type\":\"ListItem\",\"position\":1,\"name\":\"Home\",\"item\":\"https:\\\/\\\/bus-algarve.com\\\/\"},{\"@type\":\"ListItem\",\"position\":2,\"name\":\"Abaut bus rental to Algarve\"}]},{\"@type\":\"WebSite\",\"@id\":\"https:\\\/\\\/bus-algarve.com\\\/#website\",\"url\":\"https:\\\/\\\/bus-algarve.com\\\/\",\"name\":\"Bus Algarve\",\"description\":\"Coach &amp; Minibus Hire Services\",\"publisher\":{\"@id\":\"https:\\\/\\\/bus-algarve.com\\\/#organization\"},\"potentialAction\":[{\"@type\":\"SearchAction\",\"target\":{\"@type\":\"EntryPoint\",\"urlTemplate\":\"https:\\\/\\\/bus-algarve.com\\\/?s={search_term_string}\"},\"query-input\":{\"@type\":\"PropertyValueSpecification\",\"valueRequired\":true,\"valueName\":\"search_term_string\"}}],\"inLanguage\":\"sv-SE\"},{\"@type\":\"Organization\",\"@id\":\"https:\\\/\\\/bus-algarve.com\\\/#organization\",\"name\":\"Bus Algarve\",\"url\":\"https:\\\/\\\/bus-algarve.com\\\/\",\"logo\":{\"@type\":\"ImageObject\",\"inLanguage\":\"sv-SE\",\"@id\":\"https:\\\/\\\/bus-algarve.com\\\/#\\\/schema\\\/logo\\\/image\\\/\",\"url\":\"https:\\\/\\\/bus-algarve.com\\\/wp-content\\\/uploads\\\/sites\\\/18\\\/2025\\\/01\\\/logo_tulip_branco.png\",\"contentUrl\":\"https:\\\/\\\/bus-algarve.com\\\/wp-content\\\/uploads\\\/sites\\\/18\\\/2025\\\/01\\\/logo_tulip_branco.png\",\"width\":1218,\"height\":570,\"caption\":\"Bus Algarve\"},\"image\":{\"@id\":\"https:\\\/\\\/bus-algarve.com\\\/#\\\/schema\\\/logo\\\/image\\\/\"}}]}<\/script>\n<!-- \/ Yoast SEO Premium plugin. -->","yoast_head_json":{"title":"About Us - Bus Algarve","description":"Buss Algarve erbjuder s\u00e4kra, p\u00e5litliga och bekv\u00e4ma bussresor i Algarve och \u00f6ver hela Portugal. V\u00e5r transportverksamhet \u00e4r fokuserad p\u00e5 kvalitet, p\u00e5litlighet och ett uppriktigt, v\u00e4nligt f\u00f6rh\u00e5llningss\u00e4tt.","robots":{"index":"index","follow":"follow","max-snippet":"max-snippet:-1","max-image-preview":"max-image-preview:large","max-video-preview":"max-video-preview:-1"},"canonical":"https:\/\/bus-algarve.com\/sv\/about-bus-algarve-rental\/","og_locale":"sv_SE","og_type":"article","og_title":"About Us Bus Algarve provides safe, reliable and comfortable coach travel in the Algarve","og_description":"Bus Algarve provides safe, reliable and comfortable coach travel in the Algarve","og_url":"https:\/\/bus-algarve.com\/sv\/about-bus-algarve-rental\/","og_site_name":"Bus Algarve","article_modified_time":"2025-03-04T12:05:16+00:00","og_image":[{"width":1800,"height":1200,"url":"https:\/\/bus-algarve.com\/wp-content\/uploads\/sites\/18\/2025\/02\/ask-quote-bus-algarve.jpg","type":"image\/jpeg"}],"twitter_card":"summary_large_image","twitter_title":"About Us","twitter_misc":{"Ber\u00e4knad l\u00e4stid":"2 minuter"},"schema":{"@context":"https:\/\/schema.org","@graph":[{"@type":"WebPage","@id":"https:\/\/bus-algarve.com\/about-bus-algarve-rental\/","url":"https:\/\/bus-algarve.com\/about-bus-algarve-rental\/","name":"About Us - Bus Algarve","isPartOf":{"@id":"https:\/\/bus-algarve.com\/#website"},"datePublished":"2013-03-23T13:05:30+00:00","dateModified":"2025-03-04T12:05:16+00:00","description":"Buss Algarve erbjuder s\u00e4kra, p\u00e5litliga och bekv\u00e4ma bussresor i Algarve och \u00f6ver hela Portugal. V\u00e5r transportverksamhet \u00e4r fokuserad p\u00e5 kvalitet, p\u00e5litlighet och ett uppriktigt, v\u00e4nligt f\u00f6rh\u00e5llningss\u00e4tt.","breadcrumb":{"@id":"https:\/\/bus-algarve.com\/about-bus-algarve-rental\/#breadcrumb"},"inLanguage":"sv-SE","potentialAction":[{"@type":"ReadAction","target":["https:\/\/bus-algarve.com\/about-bus-algarve-rental\/"]}]},{"@type":"BreadcrumbList","@id":"https:\/\/bus-algarve.com\/about-bus-algarve-rental\/#breadcrumb","itemListElement":[{"@type":"ListItem","position":1,"name":"Home","item":"https:\/\/bus-algarve.com\/"},{"@type":"ListItem","position":2,"name":"Abaut bus rental to Algarve"}]},{"@type":"WebSite","@id":"https:\/\/bus-algarve.com\/#website","url":"https:\/\/bus-algarve.com\/","name":"Buss Algarve","description":"Buss- och minibussuthyrning","publisher":{"@id":"https:\/\/bus-algarve.com\/#organization"},"potentialAction":[{"@type":"SearchAction","target":{"@type":"EntryPoint","urlTemplate":"https:\/\/bus-algarve.com\/?s={search_term_string}"},"query-input":{"@type":"PropertyValueSpecification","valueRequired":true,"valueName":"search_term_string"}}],"inLanguage":"sv-SE"},{"@type":"Organization","@id":"https:\/\/bus-algarve.com\/#organization","name":"Buss Algarve","url":"https:\/\/bus-algarve.com\/","logo":{"@type":"ImageObject","inLanguage":"sv-SE","@id":"https:\/\/bus-algarve.com\/#\/schema\/logo\/image\/","url":"https:\/\/bus-algarve.com\/wp-content\/uploads\/sites\/18\/2025\/01\/logo_tulip_branco.png","contentUrl":"https:\/\/bus-algarve.com\/wp-content\/uploads\/sites\/18\/2025\/01\/logo_tulip_branco.png","width":1218,"height":570,"caption":"Bus Algarve"},"image":{"@id":"https:\/\/bus-algarve.com\/#\/schema\/logo\/image\/"}}]}},"_links":{"self":[{"href":"https:\/\/bus-algarve.com\/sv\/wp-json\/wp\/v2\/pages\/704","targetHints":{"allow":["GET"]}}],"collection":[{"href":"https:\/\/bus-algarve.com\/sv\/wp-json\/wp\/v2\/pages"}],"about":[{"href":"https:\/\/bus-algarve.com\/sv\/wp-json\/wp\/v2\/types\/page"}],"author":[{"embeddable":true,"href":"https:\/\/bus-algarve.com\/sv\/wp-json\/wp\/v2\/users\/8"}],"replies":[{"embeddable":true,"href":"https:\/\/bus-algarve.com\/sv\/wp-json\/wp\/v2\/comments?post=704"}],"version-history":[{"count":7,"href":"https:\/\/bus-algarve.com\/sv\/wp-json\/wp\/v2\/pages\/704\/revisions"}],"predecessor-version":[{"id":2977,"href":"https:\/\/bus-algarve.com\/sv\/wp-json\/wp\/v2\/pages\/704\/revisions\/2977"}],"wp:attachment":[{"href":"https:\/\/bus-algarve.com\/sv\/wp-json\/wp\/v2\/media?parent=704"}],"curies":[{"name":"wp","href":"https:\/\/api.w.org\/{rel}","templated":true}]}}