{"id":2811,"date":"2025-01-28T17:05:03","date_gmt":"2025-01-28T17:05:03","guid":{"rendered":"https:\/\/bus-algarve.com\/?page_id=2811"},"modified":"2025-07-08T11:20:05","modified_gmt":"2025-07-08T11:20:05","slug":"ask-quote","status":"publish","type":"page","link":"https:\/\/bus-algarve.com\/sv\/ask-quote\/","title":{"rendered":"Citationstecken"},"content":{"rendered":"<div id=\"fws_69f606a8f2df8\"  data-column-margin=\"default\" data-midnight=\"light\" data-top-percent=\"10%\" data-bottom-percent=\"5%\"  class=\"wpb_row vc_row-fluid vc_row full-width-section has-row-bg-color\"  style=\"padding-top: calc(100vw * 0.10); padding-bottom: calc(100vw * 0.05); --row-bg-color: #333333;\"><div class=\"row-bg-wrap\" data-bg-animation=\"none\" data-bg-animation-delay=\"\" data-bg-overlay=\"true\"><div class=\"inner-wrap row-bg-layer using-image\" ><div class=\"row-bg viewport-desktop using-image using-bg-color\"  style=\"background-image: url(https:\/\/bus-algarve.com\/wp-content\/uploads\/sites\/18\/2025\/02\/ask-quote-bus-algarve.jpg); background-position: center center; background-repeat: no-repeat; background-color: #333333; \"><\/div><\/div><div class=\"row-bg-overlay row-bg-layer\" style=\"background: #004aad; background: linear-gradient(135deg,#004aad 0%,rgba(255,255,255,0.001) 100%);  opacity: 0.95; \"><\/div><\/div><div class=\"row_col_wrap_12 col span_12 light left\">\n\t<div  class=\"vc_col-sm-12 wpb_column column_container vc_column_container col no-extra-padding inherit_tablet inherit_phone\"  data-padding-pos=\"all\" data-has-bg-color=\"false\" data-bg-color=\"\" data-bg-opacity=\"1\" data-animation=\"\" data-delay=\"0\" >\n\t\t<div class=\"vc_column-inner\" >\n\t\t\t<div class=\"wpb_wrapper\">\n\t\t\t\t<div class=\"divider-wrap\" data-alignment=\"default\"><div style=\"height: 300px;\" class=\"divider\"><\/div><\/div>\n\t\t\t<\/div> \n\t\t<\/div>\n\t<\/div> \n<\/div><\/div>\n\t\t<div id=\"fws_69f606a8f383f\"  data-column-margin=\"default\" data-midnight=\"dark\"  class=\"wpb_row vc_row-fluid vc_row full-width-section\"  style=\"padding-top: 70px; padding-bottom: 60px; \"><div class=\"row-bg-wrap\" data-bg-animation=\"none\" data-bg-animation-delay=\"\" data-bg-overlay=\"false\"><div class=\"inner-wrap row-bg-layer\" ><div class=\"row-bg viewport-desktop\"  style=\"\"><\/div><\/div><\/div><div class=\"row_col_wrap_12 col span_12 dark left\">\n\t<div  class=\"vc_col-sm-12 wpb_column column_container vc_column_container col no-extra-padding inherit_tablet inherit_phone\"  data-padding-pos=\"all\" data-has-bg-color=\"false\" data-bg-color=\"\" data-bg-opacity=\"1\" data-animation=\"\" data-delay=\"0\" >\n\t\t<div class=\"vc_column-inner\" >\n\t\t\t<div class=\"wpb_wrapper\">\n\t\t\t\t\n<div class=\"wpb_text_column wpb_content_element\" >\n\t<h1>Offertf\u00f6rfr\u00e5gan<\/h1>\n<\/div>\n\n\n\n<div class=\"divider-wrap\" data-alignment=\"default\"><div style=\"height: 20px;\" class=\"divider\"><\/div><\/div>\n<div class=\"wpb_text_column wpb_content_element\" >\n\t<p>Hur kan vi hj\u00e4lpa dig att planera din resa?<br \/>\nUtforska v\u00e5rt utbud av bussuthyrningstj\u00e4nster, inklusive l\u00f6sningar f\u00f6r <a href=\"https:\/\/bus-algarve.com\/sv\/services-bus-algarve\/corporate-events-bus-algarve\/\">f\u00f6retagsm\u00f6ten<\/a>, <a href=\"https:\/\/bus-algarve.com\/sv\/services-bus-algarve\/sporting-clubs-coach-hire-algarve\/\">idrottsgrupper<\/a>, <a href=\"https:\/\/bus-algarve.com\/sv\/services-bus-algarve\/weddings-transfer-bus-algarve\/\">br\u00f6llop och speciella tillf\u00e4llen<\/a>, och <a href=\"https:\/\/bus-algarve.com\/sv\/services-bus-algarve\/group-tours-transportation-algarve\/\">resegrupp<\/a> hyror.<br \/>\nV\u00e4nligen informera alla n\u00f6dv\u00e4ndiga detaljer f\u00f6r korrekt transportpriser och tillg\u00e4nglighet:<\/p>\n<ul>\n<li>Hur m\u00e5nga personer kommer att resa i din grupp?<\/li>\n<li>Vad \u00e4r syftet med resan?<\/li>\n<li>Vad \u00e4r din resplan?<\/li>\n<li>Har gruppen n\u00e5gra bagagekrav\/s\u00e4rskilda instruktioner?<\/li>\n<li>Datum och tider f\u00f6r ankomst och avg\u00e5ngar<\/li>\n<li>All annan relevant information<\/li>\n<\/ul>\n<p>Beg\u00e4r en offert idag \u2013 vi hj\u00e4lper g\u00e4rna till!<\/p>\n<\/div>\n\n\n\n<div class=\"divider-wrap\" data-alignment=\"default\"><div style=\"height: 50px;\" class=\"divider\"><\/div><\/div><a class=\"nectar-button jumbo regular extra-color-2  regular-button\"  role=\"button\" style=\"\"  href=\"mailto:%20info@legendatours.com\" data-color-override=\"false\" data-hover-color-override=\"false\" data-hover-text-color-override=\"#fff\"><span>Be om din offert idag<\/span><\/a>\n\t\t\t<\/div> \n\t\t<\/div>\n\t<\/div> \n<\/div><\/div>\n\t\t<div id=\"fws_69f606a90112e\"  data-column-margin=\"default\" data-midnight=\"dark\"  class=\"wpb_row vc_row-fluid vc_row full-width-section\"  style=\"padding-top: 0px; padding-bottom: 0px; \"><div class=\"row-bg-wrap\" data-bg-animation=\"none\" data-bg-animation-delay=\"\" data-bg-overlay=\"false\"><div class=\"inner-wrap row-bg-layer\" ><div class=\"row-bg viewport-desktop\"  style=\"\"><\/div><\/div><\/div><div class=\"row_col_wrap_12 col span_12 dark left\">\n\t<div  class=\"vc_col-sm-12 wpb_column column_container vc_column_container col no-extra-padding inherit_tablet inherit_phone\"  data-padding-pos=\"all\" data-has-bg-color=\"false\" data-bg-color=\"\" data-bg-opacity=\"1\" data-animation=\"\" data-delay=\"0\" >\n\t\t<div class=\"vc_column-inner\" >\n\t\t\t<div class=\"wpb_wrapper\">\n\t\t\t\t<div class=\"divider-wrap\" data-alignment=\"default\"><div style=\"margin-top: 12.5px; height: 1px; margin-bottom: 12.5px;\" data-width=\"100%\" data-animate=\"\" data-animation-delay=\"\" data-color=\"default\" class=\"divider-border\"><\/div><\/div><div class=\"img-with-aniamtion-wrap center\" data-max-width=\"100%\" data-max-width-mobile=\"default\" data-shadow=\"none\" data-animation=\"none\"  style=\"margin-top: 40px; margin-bottom: 40px; \">\n      <div class=\"inner\">\n        <div class=\"hover-wrap\"> \n          <div class=\"hover-wrap-inner\">\n            <img loading=\"lazy\" decoding=\"async\" class=\"img-with-animation skip-lazy\" data-delay=\"0\" height=\"110\" width=\"432\" data-animation=\"none\" src=\"https:\/\/bus-algarve.com\/wp-content\/uploads\/sites\/18\/2025\/01\/logo_arp.png\" alt=\"\" srcset=\"https:\/\/bus-algarve.com\/wp-content\/uploads\/sites\/18\/2025\/01\/logo_arp.png 432w, https:\/\/bus-algarve.com\/wp-content\/uploads\/sites\/18\/2025\/01\/logo_arp-300x76.png 300w\" sizes=\"auto, (max-width: 432px) 100vw, 432px\" \/>\n          <\/div>\n        <\/div>\n        \n      <\/div>\n    <\/div>\n\t\t\t<\/div> \n\t\t<\/div>\n\t<\/div> \n<\/div><\/div>","protected":false},"excerpt":{"rendered":"Quote enquiry How can we assist you in planning your journey? Explore our variety of coach rental services, including solutions for corporate meetings, sports groups, wedding &amp; special occasions, and...","protected":false},"author":8,"featured_media":0,"parent":0,"menu_order":10,"comment_status":"open","ping_status":"closed","template":"","meta":{"_acf_changed":false,"inline_featured_image":false,"footnotes":""},"class_list":["post-2811","page","type-page","status-publish"],"acf":[],"yoast_head":"<!-- This site is optimized with the Yoast SEO Premium plugin v26.8 (Yoast SEO v27.5) - https:\/\/yoast.com\/product\/yoast-seo-premium-wordpress\/ -->\n<title>Quote - Bus Algarve<\/title>\n<meta name=\"description\" content=\"How can we assist you in planning your journey? Explore our variety of coach rental services, including transportation solutions for corporate meetings, sports groups, wedding &amp; special occasions, and tour group rentals.\" \/>\n<meta name=\"robots\" content=\"index, follow, max-snippet:-1, max-image-preview:large, max-video-preview:-1\" \/>\n<link rel=\"canonical\" href=\"https:\/\/bus-algarve.com\/sv\/ask-quote\/\" \/>\n<meta property=\"og:locale\" content=\"sv_SE\" \/>\n<meta property=\"og:type\" content=\"article\" \/>\n<meta property=\"og:title\" content=\"Quote\" \/>\n<meta property=\"og:description\" content=\"How can we assist you in planning your journey? Explore our variety of coach rental services, including solutions for corporate meetings, sports groups, wedding &amp; special occasions, and tour group rentals. Please inform all the necessary details for accurate transport pricing and availability :How many people will be travelling in your group? What\u2019s the purpose of the travel? What is your travel itinerary? The group has any luggage requirements\/special instructions?Dates and times of arrival and departures Any other relevant information Request a quote today \u2013 we\u2019ll be happy to assist!\" \/>\n<meta property=\"og:url\" content=\"https:\/\/bus-algarve.com\/sv\/ask-quote\/\" \/>\n<meta property=\"og:site_name\" content=\"Bus Algarve\" \/>\n<meta property=\"article:modified_time\" content=\"2025-07-08T11:20:05+00:00\" \/>\n<meta property=\"og:image\" content=\"https:\/\/bus-algarve.com\/wp-content\/uploads\/sites\/18\/2025\/01\/fotos-site-bus.jpg\" \/>\n\t<meta property=\"og:image:width\" content=\"2000\" \/>\n\t<meta property=\"og:image:height\" content=\"475\" \/>\n\t<meta property=\"og:image:type\" content=\"image\/jpeg\" \/>\n<meta name=\"twitter:card\" content=\"summary_large_image\" \/>\n<meta name=\"twitter:description\" content=\"How can we assist you in planning your journey? Explore our variety of coach rental services, including solutions for corporate meetings, sports groups, wedding &amp; special occasions, and tour group rentals. Please inform all the necessary details for accurate\" \/>\n<meta name=\"twitter:label1\" content=\"Ber\u00e4knad l\u00e4stid\" \/>\n\t<meta name=\"twitter:data1\" content=\"1 minut\" \/>\n<script type=\"application\/ld+json\" class=\"yoast-schema-graph\">{\"@context\":\"https:\\\/\\\/schema.org\",\"@graph\":[{\"@type\":\"WebPage\",\"@id\":\"https:\\\/\\\/bus-algarve.com\\\/ask-quote\\\/\",\"url\":\"https:\\\/\\\/bus-algarve.com\\\/ask-quote\\\/\",\"name\":\"Quote - Bus Algarve\",\"isPartOf\":{\"@id\":\"https:\\\/\\\/bus-algarve.com\\\/#website\"},\"datePublished\":\"2025-01-28T17:05:03+00:00\",\"dateModified\":\"2025-07-08T11:20:05+00:00\",\"description\":\"How can we assist you in planning your journey? Explore our variety of coach rental services, including transportation solutions for corporate meetings, sports groups, wedding & special occasions, and tour group rentals.\",\"breadcrumb\":{\"@id\":\"https:\\\/\\\/bus-algarve.com\\\/ask-quote\\\/#breadcrumb\"},\"inLanguage\":\"sv-SE\",\"potentialAction\":[{\"@type\":\"ReadAction\",\"target\":[\"https:\\\/\\\/bus-algarve.com\\\/ask-quote\\\/\"]}]},{\"@type\":\"BreadcrumbList\",\"@id\":\"https:\\\/\\\/bus-algarve.com\\\/ask-quote\\\/#breadcrumb\",\"itemListElement\":[{\"@type\":\"ListItem\",\"position\":1,\"name\":\"Home\",\"item\":\"https:\\\/\\\/bus-algarve.com\\\/\"},{\"@type\":\"ListItem\",\"position\":2,\"name\":\"Quote\"}]},{\"@type\":\"WebSite\",\"@id\":\"https:\\\/\\\/bus-algarve.com\\\/#website\",\"url\":\"https:\\\/\\\/bus-algarve.com\\\/\",\"name\":\"Bus Algarve\",\"description\":\"Coach &amp; Minibus Hire Services\",\"publisher\":{\"@id\":\"https:\\\/\\\/bus-algarve.com\\\/#organization\"},\"potentialAction\":[{\"@type\":\"SearchAction\",\"target\":{\"@type\":\"EntryPoint\",\"urlTemplate\":\"https:\\\/\\\/bus-algarve.com\\\/?s={search_term_string}\"},\"query-input\":{\"@type\":\"PropertyValueSpecification\",\"valueRequired\":true,\"valueName\":\"search_term_string\"}}],\"inLanguage\":\"sv-SE\"},{\"@type\":\"Organization\",\"@id\":\"https:\\\/\\\/bus-algarve.com\\\/#organization\",\"name\":\"Bus Algarve\",\"url\":\"https:\\\/\\\/bus-algarve.com\\\/\",\"logo\":{\"@type\":\"ImageObject\",\"inLanguage\":\"sv-SE\",\"@id\":\"https:\\\/\\\/bus-algarve.com\\\/#\\\/schema\\\/logo\\\/image\\\/\",\"url\":\"https:\\\/\\\/bus-algarve.com\\\/wp-content\\\/uploads\\\/sites\\\/18\\\/2025\\\/01\\\/logo_tulip_branco.png\",\"contentUrl\":\"https:\\\/\\\/bus-algarve.com\\\/wp-content\\\/uploads\\\/sites\\\/18\\\/2025\\\/01\\\/logo_tulip_branco.png\",\"width\":1218,\"height\":570,\"caption\":\"Bus Algarve\"},\"image\":{\"@id\":\"https:\\\/\\\/bus-algarve.com\\\/#\\\/schema\\\/logo\\\/image\\\/\"}}]}<\/script>\n<!-- \/ Yoast SEO Premium plugin. -->","yoast_head_json":{"title":"Quote - Bus Algarve","description":"How can we assist you in planning your journey? Explore our variety of coach rental services, including transportation solutions for corporate meetings, sports groups, wedding & special occasions, and tour group rentals.","robots":{"index":"index","follow":"follow","max-snippet":"max-snippet:-1","max-image-preview":"max-image-preview:large","max-video-preview":"max-video-preview:-1"},"canonical":"https:\/\/bus-algarve.com\/sv\/ask-quote\/","og_locale":"sv_SE","og_type":"article","og_title":"Quote","og_description":"How can we assist you in planning your journey? Explore our variety of coach rental services, including solutions for corporate meetings, sports groups, wedding & special occasions, and tour group rentals. Please inform all the necessary details for accurate transport pricing and availability :How many people will be travelling in your group? What\u2019s the purpose of the travel? What is your travel itinerary? The group has any luggage requirements\/special instructions?Dates and times of arrival and departures Any other relevant information Request a quote today \u2013 we\u2019ll be happy to assist!","og_url":"https:\/\/bus-algarve.com\/sv\/ask-quote\/","og_site_name":"Bus Algarve","article_modified_time":"2025-07-08T11:20:05+00:00","og_image":[{"width":2000,"height":475,"url":"https:\/\/bus-algarve.com\/wp-content\/uploads\/sites\/18\/2025\/01\/fotos-site-bus.jpg","type":"image\/jpeg"}],"twitter_card":"summary_large_image","twitter_description":"How can we assist you in planning your journey? Explore our variety of coach rental services, including solutions for corporate meetings, sports groups, wedding & special occasions, and tour group rentals. Please inform all the necessary details for accurate","twitter_misc":{"Ber\u00e4knad l\u00e4stid":"1 minut"},"schema":{"@context":"https:\/\/schema.org","@graph":[{"@type":"WebPage","@id":"https:\/\/bus-algarve.com\/ask-quote\/","url":"https:\/\/bus-algarve.com\/ask-quote\/","name":"Quote - Bus Algarve","isPartOf":{"@id":"https:\/\/bus-algarve.com\/#website"},"datePublished":"2025-01-28T17:05:03+00:00","dateModified":"2025-07-08T11:20:05+00:00","description":"How can we assist you in planning your journey? Explore our variety of coach rental services, including transportation solutions for corporate meetings, sports groups, wedding & special occasions, and tour group rentals.","breadcrumb":{"@id":"https:\/\/bus-algarve.com\/ask-quote\/#breadcrumb"},"inLanguage":"sv-SE","potentialAction":[{"@type":"ReadAction","target":["https:\/\/bus-algarve.com\/ask-quote\/"]}]},{"@type":"BreadcrumbList","@id":"https:\/\/bus-algarve.com\/ask-quote\/#breadcrumb","itemListElement":[{"@type":"ListItem","position":1,"name":"Home","item":"https:\/\/bus-algarve.com\/"},{"@type":"ListItem","position":2,"name":"Quote"}]},{"@type":"WebSite","@id":"https:\/\/bus-algarve.com\/#website","url":"https:\/\/bus-algarve.com\/","name":"Buss Algarve","description":"Buss- och minibussuthyrning","publisher":{"@id":"https:\/\/bus-algarve.com\/#organization"},"potentialAction":[{"@type":"SearchAction","target":{"@type":"EntryPoint","urlTemplate":"https:\/\/bus-algarve.com\/?s={search_term_string}"},"query-input":{"@type":"PropertyValueSpecification","valueRequired":true,"valueName":"search_term_string"}}],"inLanguage":"sv-SE"},{"@type":"Organization","@id":"https:\/\/bus-algarve.com\/#organization","name":"Buss Algarve","url":"https:\/\/bus-algarve.com\/","logo":{"@type":"ImageObject","inLanguage":"sv-SE","@id":"https:\/\/bus-algarve.com\/#\/schema\/logo\/image\/","url":"https:\/\/bus-algarve.com\/wp-content\/uploads\/sites\/18\/2025\/01\/logo_tulip_branco.png","contentUrl":"https:\/\/bus-algarve.com\/wp-content\/uploads\/sites\/18\/2025\/01\/logo_tulip_branco.png","width":1218,"height":570,"caption":"Bus Algarve"},"image":{"@id":"https:\/\/bus-algarve.com\/#\/schema\/logo\/image\/"}}]}},"_links":{"self":[{"href":"https:\/\/bus-algarve.com\/sv\/wp-json\/wp\/v2\/pages\/2811","targetHints":{"allow":["GET"]}}],"collection":[{"href":"https:\/\/bus-algarve.com\/sv\/wp-json\/wp\/v2\/pages"}],"about":[{"href":"https:\/\/bus-algarve.com\/sv\/wp-json\/wp\/v2\/types\/page"}],"author":[{"embeddable":true,"href":"https:\/\/bus-algarve.com\/sv\/wp-json\/wp\/v2\/users\/8"}],"replies":[{"embeddable":true,"href":"https:\/\/bus-algarve.com\/sv\/wp-json\/wp\/v2\/comments?post=2811"}],"version-history":[{"count":9,"href":"https:\/\/bus-algarve.com\/sv\/wp-json\/wp\/v2\/pages\/2811\/revisions"}],"predecessor-version":[{"id":2966,"href":"https:\/\/bus-algarve.com\/sv\/wp-json\/wp\/v2\/pages\/2811\/revisions\/2966"}],"wp:attachment":[{"href":"https:\/\/bus-algarve.com\/sv\/wp-json\/wp\/v2\/media?parent=2811"}],"curies":[{"name":"wp","href":"https:\/\/api.w.org\/{rel}","templated":true}]}}