{"id":2654,"date":"2025-01-24T11:50:47","date_gmt":"2025-01-24T11:50:47","guid":{"rendered":"https:\/\/bus-algarve.com\/?page_id=2654"},"modified":"2025-07-25T10:33:53","modified_gmt":"2025-07-25T10:33:53","slug":"schools-universities-bus-algarve","status":"publish","type":"page","link":"https:\/\/bus-algarve.com\/sv\/services-bus-algarve\/schools-universities-bus-algarve\/","title":{"rendered":"Hyra tr\u00e4nare f\u00f6r skolor och universitet"},"content":{"rendered":"<div id=\"fws_69f609ddd1665\"  data-column-margin=\"default\" data-midnight=\"dark\" data-top-percent=\"10%\" data-bottom-percent=\"5%\"  class=\"wpb_row vc_row-fluid vc_row full-width-section has-row-bg-color\"  style=\"padding-top: calc(100vw * 0.10); padding-bottom: calc(100vw * 0.05); --row-bg-color: #ffffff;\"><div class=\"row-bg-wrap\" data-bg-animation=\"none\" data-bg-animation-delay=\"\" data-bg-overlay=\"false\"><div class=\"inner-wrap row-bg-layer\" ><div class=\"row-bg viewport-desktop using-bg-color\"  style=\"background-color: #ffffff; \"><\/div><\/div><\/div><div class=\"row_col_wrap_12 col span_12 dark left\">\n\t<div  class=\"vc_col-sm-12 wpb_column column_container vc_column_container col no-extra-padding inherit_tablet inherit_phone\"  data-padding-pos=\"all\" data-has-bg-color=\"false\" data-bg-color=\"\" data-bg-opacity=\"1\" data-animation=\"\" data-delay=\"0\" >\n\t\t<div class=\"vc_column-inner\" >\n\t\t\t<div class=\"wpb_wrapper\">\n\t\t\t\t<div id=\"fws_69f609ddd1fd4\" data-midnight=\"\" data-column-margin=\"custom\" class=\"wpb_row vc_row-fluid vc_row inner_row  right_padding_20px\"  style=\"\"><div class=\"row-bg-wrap\"> <div class=\"row-bg\" ><\/div> <\/div><div class=\"row_col_wrap_12_inner col span_12  left\">\n\t<div  class=\"vc_col-sm-3 wpb_column column_container vc_column_container col child_column has-animation padding-3-percent inherit_tablet inherit_phone\"   data-padding-pos=\"top-bottom\" data-has-bg-color=\"false\" data-bg-color=\"\" data-bg-opacity=\"1\" data-animation=\"fade-in-from-bottom\" data-delay=\"0\" >\n\t\t<div class=\"vc_column-inner\" >\n\t\t<div class=\"wpb_wrapper\">\n\t\t\t\n\t\t<\/div> \n\t<\/div>\n\t<\/div> \n\n\t<div  class=\"vc_col-sm-9 wpb_column column_container vc_column_container col child_column no-extra-padding inherit_tablet inherit_phone\"   data-padding-pos=\"all\" data-has-bg-color=\"false\" data-bg-color=\"\" data-bg-opacity=\"1\" data-animation=\"\" data-delay=\"0\" >\n\t\t<div class=\"vc_column-inner\" >\n\t\t<div class=\"wpb_wrapper\">\n\t\t\t<div class=\"nectar-split-heading\" data-align=\"default\" data-m-align=\"inherit\" data-text-effect=\"default\" data-animation-type=\"line-reveal-by-space\" data-animation-delay=\"0\" data-animation-offset=\"\" data-m-rm-animation=\"\" data-stagger=\"\" data-custom-font-size=\"false\" ><h1 style=\" color: #004aad;\">Bussuthyrning f\u00f6r skolor<\/h1><\/div>\n\t\t<\/div> \n\t<\/div>\n\t<\/div> \n<\/div><\/div><div id=\"fws_69f609ddd2a67\" data-midnight=\"\" data-column-margin=\"default\" class=\"wpb_row vc_row-fluid vc_row inner_row  right_padding_20px reverse_columns_column_phone\"  style=\"\"><div class=\"row-bg-wrap\"> <div class=\"row-bg\" ><\/div> <\/div><div class=\"row_col_wrap_12_inner col span_12  left\">\n\t<div  class=\"vc_col-sm-3 wpb_column column_container vc_column_container col child_column padding-3-percent inherit_tablet inherit_phone\"   data-padding-pos=\"right\" data-has-bg-color=\"false\" data-bg-color=\"\" data-bg-opacity=\"1\" data-animation=\"\" data-delay=\"0\" >\n\t\t<div class=\"vc_column-inner\" >\n\t\t<div class=\"wpb_wrapper\">\n\t\t\t\n<div class=\"wpb_text_column wpb_content_element\" >\n\t<h3 style=\"color: #11b7cf;\"><a href=\"https:\/\/bus-algarve.com\/sv\/services-bus-algarve\/\">Tj\u00e4nster<\/a><\/h3>\n<\/div>\n\n\n\n<div class=\"divider-wrap\" data-alignment=\"default\"><div style=\"margin-top: 12.5px; width: 200px; height: 1px; margin-bottom: 12.5px;\" data-width=\"200px\" data-animate=\"\" data-animation-delay=\"\" data-color=\"extra-color-1\" class=\"divider-small-border\"><\/div><\/div><div class=\"iwithtext\"><div class=\"iwt-icon\"> <img decoding=\"async\" src=\"https:\/\/bus-algarve.com\/wp-content\/uploads\/sites\/18\/2025\/01\/2-2-300x300.png\" alt=\"\" \/> <\/div><div class=\"iwt-text\"> <a href=\"https:\/\/bus-algarve.com\/sv\/services-bus-algarve\/airport-tranfers-bus-algarve\/\"><strong>Flygplatstransfer<\/strong><\/a> <\/div><div class=\"clear\"><\/div><\/div><div class=\"iwithtext\"><div class=\"iwt-icon\"> <img decoding=\"async\" src=\"https:\/\/bus-algarve.com\/wp-content\/uploads\/sites\/18\/2025\/01\/4-2-300x300.png\" alt=\"\" \/> <\/div><div class=\"iwt-text\"> <a href=\"https:\/\/bus-algarve.com\/sv\/services-bus-algarve\/group-tours-transportation-algarve\/\"><strong>Gruppturer<\/strong><\/a> <\/div><div class=\"clear\"><\/div><\/div><div class=\"iwithtext\"><div class=\"iwt-icon\"> <img decoding=\"async\" src=\"https:\/\/bus-algarve.com\/wp-content\/uploads\/sites\/18\/2025\/01\/6-2-300x300.png\" alt=\"\" \/> <\/div><div class=\"iwt-text\"> <a href=\"https:\/\/bus-algarve.com\/sv\/services-bus-algarve\/corporate-events-bus-algarve\/\"><strong>F\u00f6retagsevent<\/strong><\/a> <\/div><div class=\"clear\"><\/div><\/div><div class=\"iwithtext\"><div class=\"iwt-icon\"> <img decoding=\"async\" src=\"https:\/\/bus-algarve.com\/wp-content\/uploads\/sites\/18\/2025\/01\/8-2-300x300.png\" alt=\"\" \/> <\/div><div class=\"iwt-text\"> <a href=\"https:\/\/bus-algarve.com\/sv\/services-bus-algarve\/weddings-transfer-bus-algarve\/\"><strong>Br\u00f6llop och speciella tillf\u00e4llen<\/strong><\/a> <\/div><div class=\"clear\"><\/div><\/div><div class=\"iwithtext\"><div class=\"iwt-icon\"> <img decoding=\"async\" src=\"https:\/\/bus-algarve.com\/wp-content\/uploads\/sites\/18\/2025\/01\/10-1-300x300.png\" alt=\"\" \/> <\/div><div class=\"iwt-text\"> <a href=\"https:\/\/bus-algarve.com\/sv\/services-bus-algarve\/sporting-clubs-coach-hire-algarve\/\"><strong>Hyra idrottsklubbstr\u00e4nare<\/strong><\/a> <\/div><div class=\"clear\"><\/div><\/div><div class=\"iwithtext\"><div class=\"iwt-icon\"> <img decoding=\"async\" src=\"https:\/\/bus-algarve.com\/wp-content\/uploads\/sites\/18\/2025\/01\/12-1-300x300.png\" alt=\"\" \/> <\/div><div class=\"iwt-text\"> <a href=\"https:\/\/bus-algarve.com\/sv\/services-bus-algarve\/schools-universities-bus-algarve\/\"><strong>Skolor och universitet<\/strong><\/a> <\/div><div class=\"clear\"><\/div><\/div><div class=\"iwithtext\"><div class=\"iwt-icon\"> <img decoding=\"async\" src=\"https:\/\/bus-algarve.com\/wp-content\/uploads\/sites\/18\/2025\/01\/14-1-300x300.png\" alt=\"\" \/> <\/div><div class=\"iwt-text\"> <a href=\"https:\/\/bus-algarve.com\/sv\/services-bus-algarve\/religious-meetings-events-bus-algarve\/\"><strong>Religi\u00f6sa &amp; Wellness Retreats Transport<\/strong><\/a> <\/div><div class=\"clear\"><\/div><\/div><div class=\"iwithtext\"><div class=\"iwt-icon\"> <img decoding=\"async\" src=\"https:\/\/bus-algarve.com\/wp-content\/uploads\/sites\/18\/2025\/01\/16-1-300x300.png\" alt=\"\" \/> <\/div><div class=\"iwt-text\"> <a href=\"https:\/\/bus-algarve.com\/sv\/services-bus-algarve\/shuttle-bus-algarve\/\"><strong>Pendelbuss<\/strong><\/a> <\/div><div class=\"clear\"><\/div><\/div><div class=\"iwithtext\"><div class=\"iwt-icon\"> <img decoding=\"async\" src=\"https:\/\/bus-algarve.com\/wp-content\/uploads\/sites\/18\/2025\/01\/18-1-300x300.png\" alt=\"\" \/> <\/div><div class=\"iwt-text\"> <a href=\"https:\/\/bus-algarve.com\/sv\/services-bus-algarve\/private-transport-bus-algarve\/\"><strong>Privata transporttj\u00e4nster<\/strong><\/a> <\/div><div class=\"clear\"><\/div><\/div>\n\t\t<\/div> \n\t<\/div>\n\t<\/div> \n\n\t<div  class=\"vc_col-sm-9 wpb_column column_container vc_column_container col child_column no-extra-padding inherit_tablet inherit_phone\"   data-padding-pos=\"all\" data-has-bg-color=\"false\" data-bg-color=\"\" data-bg-opacity=\"1\" data-animation=\"\" data-delay=\"0\" >\n\t\t<div class=\"vc_column-inner\" >\n\t\t<div class=\"wpb_wrapper\">\n\t\t\t\n<div class=\"wpb_text_column wpb_content_element  vc_custom_1738250250048\" >\n\t<p>Att hyra en buss med Bus Algarve \u00e4r det s\u00e4kraste, mest bekv\u00e4ma och p\u00e5litliga s\u00e4ttet att resa med en skolgrupp, universitetslag eller ungdomsgrupp. Vi s\u00e4kerst\u00e4ller att din skolas sommarkurs eller studiebes\u00f6k blir en framg\u00e5ng genom att tillhandah\u00e5lla snabb, budgetv\u00e4nlig service.<\/p>\n<h4>S\u00e4kra och p\u00e5litliga skolresor<\/h4>\n<p>Vi f\u00f6rst\u00e5r att varje skola och organisation har unika transportbehov, s\u00e5 vi tar oss tid att diskutera dessa med dig i detalj f\u00f6r att s\u00e4kerst\u00e4lla att alla krav uppfylls. Vi arbetar h\u00e5rt f\u00f6r att se till att varje aspekt av din resa, fr\u00e5n b\u00f6rjan till slut, l\u00f6per smidigt.<\/p>\n<h4>Utm\u00e4rkt v\u00e4rde f\u00f6r lokal reseservice<\/h4>\n<p>Bus Algarve tillhandah\u00e5ller s\u00e4ker och p\u00e5litlig transport f\u00f6r skol- eller ungdomsgrupper, n\u00e4r och varhelst det beh\u00f6vs. Med lokala f\u00f6rare, fordon och omfattande kunskap om platser, omr\u00e5den och evenemang ser vi till att varje detalj av din resa hanteras sakkunnigt. Vi \u00e4r dedikerade till att g\u00f6ra din skolresa till en framg\u00e5ng samtidigt som vi erbjuder b\u00e4sta m\u00f6jliga v\u00e4rde!<\/p>\n<\/div>\n\n\n\n\n\t\t<\/div> \n\t<\/div>\n\t<\/div> \n<\/div><\/div>\n\t\t\t<\/div> \n\t\t<\/div>\n\t<\/div> \n<\/div><\/div><div id=\"fws_69f609ddd4f9f\" class=\"wpb_row legacy vc_row-fluid full-width-section standard_section\"  style=\"padding-top: 50px; padding-bottom: 40px; \"><div class=\"row-bg-wrap\"> <div class=\"row-bg  using-bg-color\" style=\"background-color: #dd6c21; \"><\/div> <\/div><div class=\"col span_12 light\">\n\t<div  class=\"vc_col-sm-12 wpb_column column_container vc_column_container col no-extra-padding inherit_tablet inherit_phone\"  data-padding-pos=\"all\" data-has-bg-color=\"false\" data-bg-color=\"\" data-bg-opacity=\"1\" data-animation=\"\" data-delay=\"0\" >\n\t\t<div class=\"vc_column-inner\" ><a class=\"column-link\" target=\"_self\" href=\"https:\/\/bus-algarve.com\/sv\/ask-quote\/\"><\/a>\n\t\t\t<div class=\"wpb_wrapper\">\n\t\t\t\t\n<div class=\"wpb_text_column wpb_content_element\" >\n\t<h3 class=\"light\" style=\"text-align: center;\"><strong>F\u00e5 din personliga offert idag! \u27a1\ufe0f<br \/>\n<\/strong><\/h3>\n<\/div>\n\n\n\n\n\t\t\t<\/div> \n\t\t<\/div>\n\t<\/div> \n<\/div><\/div><div id=\"fws_69f609ddd55e8\" class=\"wpb_row legacy vc_row-fluid full-width-section standard_section\"  style=\"padding-top: 100px; padding-bottom: 100px; \"><div class=\"row-bg-wrap\"> <div class=\"row-bg\" style=\"\"><\/div> <\/div><div class=\"col span_12 dark\"><div class=\"col span_3 centered-text\" data-animation=\"\" data-delay=\"0\">\n<div class=\"wpb_text_column wpb_content_element\" >\n\t<i class=\"icon-3x icon-check extra-color-1\"><i class=\"circle-border\"><\/i><\/i>\n<h3>Bekv\u00e4m<\/h3>\n<p>Flexibla l\u00f6sningar som tillgodoser dina transportbehov<\/p>\n<\/div>\n\n\n\n<\/div><div class=\"col span_3 centered-text\" data-animation=\"\" data-delay=\"0\">\n<div class=\"wpb_text_column wpb_content_element\" >\n\t<i class=\"icon-3x icon-check extra-color-2\"><i class=\"circle-border\"><\/i><\/i>\n<h3>Bekv\u00e4m &amp; S\u00e4ker<\/h3>\n<p>Res bekv\u00e4mt med professionella lokala f\u00f6rare<\/p>\n<\/div>\n\n\n\n<\/div><div class=\"col span_3 centered-text\" data-animation=\"\" data-delay=\"0\">\n<div class=\"wpb_text_column wpb_content_element\" >\n\t<i class=\"icon-3x icon-check accent-color\"><i class=\"circle-border\"><\/i><\/i>\n<h3>R\u00e4ttvisa priser<\/h3>\n<p>Konkurrenskraftiga priser f\u00f6r busstransfer utan dolda avgifter<\/p>\n<\/div>\n\n\n\n<\/div><div class=\"col span_3 col_last centered-text\" data-animation=\"\" data-delay=\"0\">\n<div class=\"wpb_text_column wpb_content_element\" >\n\t<i class=\"icon-3x icon-check extra-color-3\"><i class=\"circle-border\"><\/i><\/i>\n<h3>L\u00e4tt resa<\/h3>\n<p>Vi hj\u00e4lper dig att planera din gruppresa med v\u00e4nner, familj eller kollegor<\/p>\n<\/div>\n\n\n\n<\/div><div class=\"clear\"><\/div><\/div><\/div>\n\t\t<div id=\"fws_69f609ddd5fa1\"  data-column-margin=\"default\" data-midnight=\"dark\"  class=\"wpb_row vc_row-fluid vc_row full-width-section\"  style=\"padding-top: 0px; padding-bottom: 0px; \"><div class=\"row-bg-wrap\" data-bg-animation=\"none\" data-bg-animation-delay=\"\" data-bg-overlay=\"false\"><div class=\"inner-wrap row-bg-layer\" ><div class=\"row-bg viewport-desktop\"  style=\"\"><\/div><\/div><\/div><div class=\"row_col_wrap_12 col span_12 dark left\">\n\t<div  class=\"vc_col-sm-12 wpb_column column_container vc_column_container col no-extra-padding inherit_tablet inherit_phone\"  data-padding-pos=\"all\" data-has-bg-color=\"false\" data-bg-color=\"\" data-bg-opacity=\"1\" data-animation=\"\" data-delay=\"0\" >\n\t\t<div class=\"vc_column-inner\" >\n\t\t\t<div class=\"wpb_wrapper\">\n\t\t\t\t<div class=\"divider-wrap\" data-alignment=\"default\"><div style=\"margin-top: 12.5px; height: 1px; margin-bottom: 12.5px;\" data-width=\"100%\" data-animate=\"\" data-animation-delay=\"\" data-color=\"default\" class=\"divider-border\"><\/div><\/div><div class=\"img-with-aniamtion-wrap center\" data-max-width=\"100%\" data-max-width-mobile=\"default\" data-shadow=\"none\" data-animation=\"none\"  style=\"margin-top: 40px; margin-bottom: 40px; \">\n      <div class=\"inner\">\n        <div class=\"hover-wrap\"> \n          <div class=\"hover-wrap-inner\">\n            <img loading=\"lazy\" decoding=\"async\" class=\"img-with-animation skip-lazy\" data-delay=\"0\" height=\"110\" width=\"432\" data-animation=\"none\" src=\"https:\/\/bus-algarve.com\/wp-content\/uploads\/sites\/18\/2025\/01\/logo_arp.png\" alt=\"\" srcset=\"https:\/\/bus-algarve.com\/wp-content\/uploads\/sites\/18\/2025\/01\/logo_arp.png 432w, https:\/\/bus-algarve.com\/wp-content\/uploads\/sites\/18\/2025\/01\/logo_arp-300x76.png 300w\" sizes=\"auto, (max-width: 432px) 100vw, 432px\" \/>\n          <\/div>\n        <\/div>\n        \n      <\/div>\n    <\/div>\n\t\t\t<\/div> \n\t\t<\/div>\n\t<\/div> \n<\/div><\/div>","protected":false},"excerpt":{"rendered":"Bus Hire for Schools Services Airport Transfers Group Tours Corporate Events Weddings &amp; Special Occasions Sports Club Coach Hire Schools &amp; Universities Religious &amp; Wellness Retreats Transportation Shuttle Bus Private...","protected":false},"author":8,"featured_media":0,"parent":207,"menu_order":0,"comment_status":"open","ping_status":"closed","template":"","meta":{"_acf_changed":false,"inline_featured_image":false,"footnotes":""},"class_list":["post-2654","page","type-page","status-publish"],"acf":[],"yoast_head":"<!-- This site is optimized with the Yoast SEO Premium plugin v26.8 (Yoast SEO v27.5) - https:\/\/yoast.com\/product\/yoast-seo-premium-wordpress\/ -->\n<title>Schools &amp; Universities Coach Hire - Bus Algarve<\/title>\n<meta name=\"description\" content=\"Hiring a coach with Bus Algarve is the safest, most comfortable, and reliable way to travel with a school group, university team, or youth group.\" \/>\n<meta name=\"robots\" content=\"index, follow, max-snippet:-1, max-image-preview:large, max-video-preview:-1\" \/>\n<link rel=\"canonical\" href=\"https:\/\/bus-algarve.com\/sv\/services-bus-algarve\/schools-universities-bus-algarve\/\" \/>\n<meta property=\"og:locale\" content=\"sv_SE\" \/>\n<meta property=\"og:type\" content=\"article\" \/>\n<meta property=\"og:title\" content=\"Schools &amp; Universities Coach Hire\" \/>\n<meta property=\"og:description\" content=\"Bus Algarve is the safest, most comfortable, and reliable way to travel with a school group, university team, or youth group. We ensure your school\u2019s summer course or field trip is a success by providing timely, budget-friendly service.\" \/>\n<meta property=\"og:url\" content=\"https:\/\/bus-algarve.com\/sv\/services-bus-algarve\/schools-universities-bus-algarve\/\" \/>\n<meta property=\"og:site_name\" content=\"Bus Algarve\" \/>\n<meta property=\"article:modified_time\" content=\"2025-07-25T10:33:53+00:00\" \/>\n<meta property=\"og:image\" content=\"https:\/\/bus-algarve.com\/wp-content\/uploads\/sites\/18\/2025\/02\/ask-quote-bus-algarve.jpg\" \/>\n\t<meta property=\"og:image:width\" content=\"1800\" \/>\n\t<meta property=\"og:image:height\" content=\"1200\" \/>\n\t<meta property=\"og:image:type\" content=\"image\/jpeg\" \/>\n<meta name=\"twitter:card\" content=\"summary_large_image\" \/>\n<meta name=\"twitter:description\" content=\"Bus Algarve is the safest, most comfortable, and reliable way to travel with a school group, university team, or youth group. We ensure your school\u2019s summer course or field trip is a success by providing timely, budget-friendly service.\" \/>\n<meta name=\"twitter:label1\" content=\"Ber\u00e4knad l\u00e4stid\" \/>\n\t<meta name=\"twitter:data1\" content=\"4 minuter\" \/>\n<script type=\"application\/ld+json\" class=\"yoast-schema-graph\">{\"@context\":\"https:\\\/\\\/schema.org\",\"@graph\":[{\"@type\":\"WebPage\",\"@id\":\"https:\\\/\\\/bus-algarve.com\\\/services-bus-algarve\\\/schools-universities-bus-algarve\\\/\",\"url\":\"https:\\\/\\\/bus-algarve.com\\\/services-bus-algarve\\\/schools-universities-bus-algarve\\\/\",\"name\":\"Schools & Universities Coach Hire - Bus Algarve\",\"isPartOf\":{\"@id\":\"https:\\\/\\\/bus-algarve.com\\\/#website\"},\"datePublished\":\"2025-01-24T11:50:47+00:00\",\"dateModified\":\"2025-07-25T10:33:53+00:00\",\"description\":\"Hiring a coach with Bus Algarve is the safest, most comfortable, and reliable way to travel with a school group, university team, or youth group.\",\"breadcrumb\":{\"@id\":\"https:\\\/\\\/bus-algarve.com\\\/services-bus-algarve\\\/schools-universities-bus-algarve\\\/#breadcrumb\"},\"inLanguage\":\"sv-SE\",\"potentialAction\":[{\"@type\":\"ReadAction\",\"target\":[\"https:\\\/\\\/bus-algarve.com\\\/services-bus-algarve\\\/schools-universities-bus-algarve\\\/\"]}]},{\"@type\":\"BreadcrumbList\",\"@id\":\"https:\\\/\\\/bus-algarve.com\\\/services-bus-algarve\\\/schools-universities-bus-algarve\\\/#breadcrumb\",\"itemListElement\":[{\"@type\":\"ListItem\",\"position\":1,\"name\":\"Home\",\"item\":\"https:\\\/\\\/bus-algarve.com\\\/\"},{\"@type\":\"ListItem\",\"position\":2,\"name\":\"Bus Algarve Services\",\"item\":\"https:\\\/\\\/bus-algarve.com\\\/services-bus-algarve\\\/\"},{\"@type\":\"ListItem\",\"position\":3,\"name\":\"Bus Hire for Schools\"}]},{\"@type\":\"WebSite\",\"@id\":\"https:\\\/\\\/bus-algarve.com\\\/#website\",\"url\":\"https:\\\/\\\/bus-algarve.com\\\/\",\"name\":\"Bus Algarve\",\"description\":\"Coach &amp; Minibus Hire Services\",\"publisher\":{\"@id\":\"https:\\\/\\\/bus-algarve.com\\\/#organization\"},\"potentialAction\":[{\"@type\":\"SearchAction\",\"target\":{\"@type\":\"EntryPoint\",\"urlTemplate\":\"https:\\\/\\\/bus-algarve.com\\\/?s={search_term_string}\"},\"query-input\":{\"@type\":\"PropertyValueSpecification\",\"valueRequired\":true,\"valueName\":\"search_term_string\"}}],\"inLanguage\":\"sv-SE\"},{\"@type\":\"Organization\",\"@id\":\"https:\\\/\\\/bus-algarve.com\\\/#organization\",\"name\":\"Bus Algarve\",\"url\":\"https:\\\/\\\/bus-algarve.com\\\/\",\"logo\":{\"@type\":\"ImageObject\",\"inLanguage\":\"sv-SE\",\"@id\":\"https:\\\/\\\/bus-algarve.com\\\/#\\\/schema\\\/logo\\\/image\\\/\",\"url\":\"https:\\\/\\\/bus-algarve.com\\\/wp-content\\\/uploads\\\/sites\\\/18\\\/2025\\\/01\\\/logo_tulip_branco.png\",\"contentUrl\":\"https:\\\/\\\/bus-algarve.com\\\/wp-content\\\/uploads\\\/sites\\\/18\\\/2025\\\/01\\\/logo_tulip_branco.png\",\"width\":1218,\"height\":570,\"caption\":\"Bus Algarve\"},\"image\":{\"@id\":\"https:\\\/\\\/bus-algarve.com\\\/#\\\/schema\\\/logo\\\/image\\\/\"}}]}<\/script>\n<!-- \/ Yoast SEO Premium plugin. -->","yoast_head_json":{"title":"Schools & Universities Coach Hire - Bus Algarve","description":"Hiring a coach with Bus Algarve is the safest, most comfortable, and reliable way to travel with a school group, university team, or youth group.","robots":{"index":"index","follow":"follow","max-snippet":"max-snippet:-1","max-image-preview":"max-image-preview:large","max-video-preview":"max-video-preview:-1"},"canonical":"https:\/\/bus-algarve.com\/sv\/services-bus-algarve\/schools-universities-bus-algarve\/","og_locale":"sv_SE","og_type":"article","og_title":"Schools & Universities Coach Hire","og_description":"Bus Algarve is the safest, most comfortable, and reliable way to travel with a school group, university team, or youth group. We ensure your school\u2019s summer course or field trip is a success by providing timely, budget-friendly service.","og_url":"https:\/\/bus-algarve.com\/sv\/services-bus-algarve\/schools-universities-bus-algarve\/","og_site_name":"Bus Algarve","article_modified_time":"2025-07-25T10:33:53+00:00","og_image":[{"width":1800,"height":1200,"url":"https:\/\/bus-algarve.com\/wp-content\/uploads\/sites\/18\/2025\/02\/ask-quote-bus-algarve.jpg","type":"image\/jpeg"}],"twitter_card":"summary_large_image","twitter_description":"Bus Algarve is the safest, most comfortable, and reliable way to travel with a school group, university team, or youth group. We ensure your school\u2019s summer course or field trip is a success by providing timely, budget-friendly service.","twitter_misc":{"Ber\u00e4knad l\u00e4stid":"4 minuter"},"schema":{"@context":"https:\/\/schema.org","@graph":[{"@type":"WebPage","@id":"https:\/\/bus-algarve.com\/services-bus-algarve\/schools-universities-bus-algarve\/","url":"https:\/\/bus-algarve.com\/services-bus-algarve\/schools-universities-bus-algarve\/","name":"Schools & Universities Coach Hire - Bus Algarve","isPartOf":{"@id":"https:\/\/bus-algarve.com\/#website"},"datePublished":"2025-01-24T11:50:47+00:00","dateModified":"2025-07-25T10:33:53+00:00","description":"Hiring a coach with Bus Algarve is the safest, most comfortable, and reliable way to travel with a school group, university team, or youth group.","breadcrumb":{"@id":"https:\/\/bus-algarve.com\/services-bus-algarve\/schools-universities-bus-algarve\/#breadcrumb"},"inLanguage":"sv-SE","potentialAction":[{"@type":"ReadAction","target":["https:\/\/bus-algarve.com\/services-bus-algarve\/schools-universities-bus-algarve\/"]}]},{"@type":"BreadcrumbList","@id":"https:\/\/bus-algarve.com\/services-bus-algarve\/schools-universities-bus-algarve\/#breadcrumb","itemListElement":[{"@type":"ListItem","position":1,"name":"Home","item":"https:\/\/bus-algarve.com\/"},{"@type":"ListItem","position":2,"name":"Bus Algarve Services","item":"https:\/\/bus-algarve.com\/services-bus-algarve\/"},{"@type":"ListItem","position":3,"name":"Bus Hire for Schools"}]},{"@type":"WebSite","@id":"https:\/\/bus-algarve.com\/#website","url":"https:\/\/bus-algarve.com\/","name":"Buss Algarve","description":"Buss- och minibussuthyrning","publisher":{"@id":"https:\/\/bus-algarve.com\/#organization"},"potentialAction":[{"@type":"SearchAction","target":{"@type":"EntryPoint","urlTemplate":"https:\/\/bus-algarve.com\/?s={search_term_string}"},"query-input":{"@type":"PropertyValueSpecification","valueRequired":true,"valueName":"search_term_string"}}],"inLanguage":"sv-SE"},{"@type":"Organization","@id":"https:\/\/bus-algarve.com\/#organization","name":"Buss Algarve","url":"https:\/\/bus-algarve.com\/","logo":{"@type":"ImageObject","inLanguage":"sv-SE","@id":"https:\/\/bus-algarve.com\/#\/schema\/logo\/image\/","url":"https:\/\/bus-algarve.com\/wp-content\/uploads\/sites\/18\/2025\/01\/logo_tulip_branco.png","contentUrl":"https:\/\/bus-algarve.com\/wp-content\/uploads\/sites\/18\/2025\/01\/logo_tulip_branco.png","width":1218,"height":570,"caption":"Bus Algarve"},"image":{"@id":"https:\/\/bus-algarve.com\/#\/schema\/logo\/image\/"}}]}},"_links":{"self":[{"href":"https:\/\/bus-algarve.com\/sv\/wp-json\/wp\/v2\/pages\/2654","targetHints":{"allow":["GET"]}}],"collection":[{"href":"https:\/\/bus-algarve.com\/sv\/wp-json\/wp\/v2\/pages"}],"about":[{"href":"https:\/\/bus-algarve.com\/sv\/wp-json\/wp\/v2\/types\/page"}],"author":[{"embeddable":true,"href":"https:\/\/bus-algarve.com\/sv\/wp-json\/wp\/v2\/users\/8"}],"replies":[{"embeddable":true,"href":"https:\/\/bus-algarve.com\/sv\/wp-json\/wp\/v2\/comments?post=2654"}],"version-history":[{"count":6,"href":"https:\/\/bus-algarve.com\/sv\/wp-json\/wp\/v2\/pages\/2654\/revisions"}],"predecessor-version":[{"id":3029,"href":"https:\/\/bus-algarve.com\/sv\/wp-json\/wp\/v2\/pages\/2654\/revisions\/3029"}],"up":[{"embeddable":true,"href":"https:\/\/bus-algarve.com\/sv\/wp-json\/wp\/v2\/pages\/207"}],"wp:attachment":[{"href":"https:\/\/bus-algarve.com\/sv\/wp-json\/wp\/v2\/media?parent=2654"}],"curies":[{"name":"wp","href":"https:\/\/api.w.org\/{rel}","templated":true}]}}