{"id":2092,"date":"2014-03-31T03:53:02","date_gmt":"2014-03-31T03:53:02","guid":{"rendered":"http:\/\/themenectar.com\/demo\/salient-frostwave\/?page_id=2092"},"modified":"2025-07-08T11:21:39","modified_gmt":"2025-07-08T11:21:39","slug":"contact-bus-algarve","status":"publish","type":"page","link":"https:\/\/bus-algarve.com\/de\/contact-bus-algarve\/","title":{"rendered":"Kontakte"},"content":{"rendered":"<div id=\"fws_69f60ba52f5d5\"  data-column-margin=\"default\" data-midnight=\"light\" data-top-percent=\"10%\" data-bottom-percent=\"5%\"  class=\"wpb_row vc_row-fluid vc_row full-width-section has-row-bg-color\"  style=\"padding-top: calc(100vw * 0.10); padding-bottom: calc(100vw * 0.05); --row-bg-color: #333333;\"><div class=\"row-bg-wrap\" data-bg-animation=\"none\" data-bg-animation-delay=\"\" data-bg-overlay=\"true\"><div class=\"inner-wrap row-bg-layer using-image\" ><div class=\"row-bg viewport-desktop using-image using-bg-color\"  style=\"background-image: url(https:\/\/bus-algarve.com\/wp-content\/uploads\/sites\/18\/2025\/02\/bus-algarve.jpg); background-position: center center; background-repeat: no-repeat; background-color: #333333; \"><\/div><\/div><div class=\"row-bg-overlay row-bg-layer\" style=\"background: #004aad; background: linear-gradient(135deg,#004aad 0%,rgba(255,255,255,0.001) 100%);  opacity: 0.95; \"><\/div><\/div><div class=\"row_col_wrap_12 col span_12 light left\">\n\t<div  class=\"vc_col-sm-12 wpb_column column_container vc_column_container col no-extra-padding inherit_tablet inherit_phone\"  data-padding-pos=\"all\" data-has-bg-color=\"false\" data-bg-color=\"\" data-bg-opacity=\"1\" data-animation=\"\" data-delay=\"0\" >\n\t\t<div class=\"vc_column-inner\" >\n\t\t\t<div class=\"wpb_wrapper\">\n\t\t\t\t<div class=\"divider-wrap\" data-alignment=\"default\"><div style=\"height: 300px;\" class=\"divider\"><\/div><\/div><div id=\"fws_69f60ba52ff32\" data-midnight=\"\" data-column-margin=\"default\" class=\"wpb_row vc_row-fluid vc_row inner_row\"  style=\"\"><div class=\"row-bg-wrap\"> <div class=\"row-bg\" ><\/div> <\/div><div class=\"row_col_wrap_12_inner col span_12  left\">\n\t<div style=\"\" class=\"vc_col-sm-8 wpb_column column_container vc_column_container col child_column padding-3-percent inherit_tablet inherit_phone\"  data-using-bg=\"true\" data-shadow=\"large_depth\" data-border-radius=\"10px\" data-padding-pos=\"all\" data-has-bg-color=\"true\" data-bg-color=\"#004aad\" data-bg-opacity=\"1\" data-animation=\"\" data-delay=\"0\" >\n\t\t<div class=\"vc_column-inner\" ><div class=\"column-bg-overlay-wrap column-bg-layer\" data-bg-animation=\"none\"><div class=\"column-bg-overlay\" style=\"opacity: 1; background-color: #004aad;\"><\/div><\/div>\n\t\t<div class=\"wpb_wrapper\">\n\t\t\t\n<div class=\"wpb_text_column wpb_content_element\" >\n\t<h4><a href=\"https:\/\/bus-algarve.com\/de\/\">Bus Algarve<\/a> Kontakte<\/h4>\n<p>&nbsp;<\/p>\n<p>\u27a1\ufe0f <a href=\"https:\/\/bus-algarve.com\/de\/ask-quote\/\" data-type=\"link\" data-id=\"https:\/\/bus-algarve.com\/ask-quote\">Senden Sie unserem Verkaufsteam eine E-Mail und fordern Sie ein individuelles Angebot f\u00fcr Ihre Transportanforderungen an<\/a><br \/>\n\u2013<br \/>\n\u27a1\ufe0f <a href=\"tel:+351300527606\">Rufen Sie uns an unter +351 300 527 606 <em>(*nationaler Festnetzanschluss)<\/em><\/a><br \/>\n\u2013<br \/>\n\u27a1\ufe0f <a href=\"mailto:info@algarvebusrental.com\">info@algarvebusrental.com<\/a><\/p>\n<\/div>\n\n\n\n\n\t\t<\/div> \n\t<\/div>\n\t<\/div> \n\n\t<div  class=\"vc_col-sm-4 wpb_column column_container vc_column_container col child_column no-extra-padding inherit_tablet inherit_phone\"   data-padding-pos=\"all\" data-has-bg-color=\"false\" data-bg-color=\"\" data-bg-opacity=\"1\" data-animation=\"\" data-delay=\"0\" >\n\t\t<div class=\"vc_column-inner\" >\n\t\t<div class=\"wpb_wrapper\">\n\t\t\t\n\t\t<\/div> \n\t<\/div>\n\t<\/div> \n<\/div><\/div>\n\t\t\t<\/div> \n\t\t<\/div>\n\t<\/div> \n<\/div><\/div><div id=\"fws_69f60ba5309e7\" class=\"wpb_row legacy vc_row-fluid full-width-section standard_section\"  style=\"padding-top: 50px; padding-bottom: 40px; \"><div class=\"row-bg-wrap\"> <div class=\"row-bg  using-bg-color\" style=\"background-color: #dd6c21; \"><\/div> <\/div><div class=\"col span_12 light\">\n\t<div  class=\"vc_col-sm-12 wpb_column column_container vc_column_container col no-extra-padding inherit_tablet inherit_phone\"  data-padding-pos=\"all\" data-has-bg-color=\"false\" data-bg-color=\"\" data-bg-opacity=\"1\" data-animation=\"\" data-delay=\"0\" >\n\t\t<div class=\"vc_column-inner\" ><a class=\"column-link\" target=\"_self\" href=\"https:\/\/bus-algarve.com\/de\/ask-quote\/\"><\/a>\n\t\t\t<div class=\"wpb_wrapper\">\n\t\t\t\t\n<div class=\"wpb_text_column wpb_content_element\" >\n\t<h3 class=\"light\" style=\"text-align: center;\"><strong>Holen Sie sich noch heute Ihr pers\u00f6nliches Angebot! \u27a1\ufe0f<br \/>\n<\/strong><\/h3>\n<\/div>\n\n\n\n\n\t\t\t<\/div> \n\t\t<\/div>\n\t<\/div> \n<\/div><\/div><div id=\"fws_69f60ba530f90\" class=\"wpb_row legacy vc_row-fluid full-width-section standard_section\"  style=\"padding-top: 100px; padding-bottom: 100px; \"><div class=\"row-bg-wrap\"> <div class=\"row-bg\" style=\"\"><\/div> <\/div><div class=\"col span_12 dark\"><div class=\"col span_3 centered-text\" data-animation=\"\" data-delay=\"0\">\n<div class=\"wpb_text_column wpb_content_element\" >\n\t<i class=\"icon-3x icon-check extra-color-1\"><i class=\"circle-border\"><\/i><\/i>\n<h3>Komfortabel<\/h3>\n<p>Flexible L\u00f6sungen f\u00fcr Ihre Transportbed\u00fcrfnisse<\/p>\n<\/div>\n\n\n\n<\/div><div class=\"col span_3 centered-text\" data-animation=\"\" data-delay=\"0\">\n<div class=\"wpb_text_column wpb_content_element\" >\n\t<i class=\"icon-3x icon-check extra-color-2\"><i class=\"circle-border\"><\/i><\/i>\n<h3>Komfortabel und sicher<\/h3>\n<p>Reisen Sie bequem mit professionellen Fahrern aus der Region<\/p>\n<\/div>\n\n\n\n<\/div><div class=\"col span_3 centered-text\" data-animation=\"\" data-delay=\"0\">\n<div class=\"wpb_text_column wpb_content_element\" >\n\t<i class=\"icon-3x icon-check accent-color\"><i class=\"circle-border\"><\/i><\/i>\n<h3>Faire Preise<\/h3>\n<p>Wettbewerbsf\u00e4hige Preise f\u00fcr Bustransfers ohne versteckte Geb\u00fchren<\/p>\n<\/div>\n\n\n\n<\/div><div class=\"col span_3 col_last centered-text\" data-animation=\"\" data-delay=\"0\">\n<div class=\"wpb_text_column wpb_content_element\" >\n\t<i class=\"icon-3x icon-check extra-color-3\"><i class=\"circle-border\"><\/i><\/i>\n<h3>Einfaches Reisen<\/h3>\n<p>Wir helfen Ihnen bei der Planung Ihrer Gruppenreise mit Freunden, Familie oder Kollegen<\/p>\n<\/div>\n\n\n\n<\/div><div class=\"clear\"><\/div><\/div><\/div>\n\t\t<div id=\"fws_69f60ba53191e\"  data-column-margin=\"default\" data-midnight=\"dark\"  class=\"wpb_row vc_row-fluid vc_row full-width-section\"  style=\"padding-top: 0px; padding-bottom: 0px; \"><div class=\"row-bg-wrap\" data-bg-animation=\"none\" data-bg-animation-delay=\"\" data-bg-overlay=\"false\"><div class=\"inner-wrap row-bg-layer\" ><div class=\"row-bg viewport-desktop\"  style=\"\"><\/div><\/div><\/div><div class=\"row_col_wrap_12 col span_12 dark left\">\n\t<div  class=\"vc_col-sm-12 wpb_column column_container vc_column_container col no-extra-padding inherit_tablet inherit_phone\"  data-padding-pos=\"all\" data-has-bg-color=\"false\" data-bg-color=\"\" data-bg-opacity=\"1\" data-animation=\"\" data-delay=\"0\" >\n\t\t<div class=\"vc_column-inner\" >\n\t\t\t<div class=\"wpb_wrapper\">\n\t\t\t\t<div class=\"divider-wrap\" data-alignment=\"default\"><div style=\"margin-top: 12.5px; height: 1px; margin-bottom: 12.5px;\" data-width=\"100%\" data-animate=\"\" data-animation-delay=\"\" data-color=\"default\" class=\"divider-border\"><\/div><\/div><div class=\"img-with-aniamtion-wrap center\" data-max-width=\"100%\" data-max-width-mobile=\"default\" data-shadow=\"none\" data-animation=\"none\"  style=\"margin-top: 40px; margin-bottom: 40px; \">\n      <div class=\"inner\">\n        <div class=\"hover-wrap\"> \n          <div class=\"hover-wrap-inner\">\n            <img loading=\"lazy\" decoding=\"async\" class=\"img-with-animation skip-lazy\" data-delay=\"0\" height=\"110\" width=\"432\" data-animation=\"none\" src=\"https:\/\/bus-algarve.com\/wp-content\/uploads\/sites\/18\/2025\/01\/logo_arp.png\" alt=\"\" srcset=\"https:\/\/bus-algarve.com\/wp-content\/uploads\/sites\/18\/2025\/01\/logo_arp.png 432w, https:\/\/bus-algarve.com\/wp-content\/uploads\/sites\/18\/2025\/01\/logo_arp-300x76.png 300w\" sizes=\"auto, (max-width: 432px) 100vw, 432px\" \/>\n          <\/div>\n        <\/div>\n        \n      <\/div>\n    <\/div>\n\t\t\t<\/div> \n\t\t<\/div>\n\t<\/div> \n<\/div><\/div>","protected":false},"excerpt":{"rendered":"Bus Algarve Contacts &nbsp; \u27a1\ufe0f Email our sales team and ask for a personalized quote for your transportation needs - \u27a1\ufe0f Give us a cal to +351 300 527 606...","protected":false},"author":8,"featured_media":0,"parent":0,"menu_order":10,"comment_status":"open","ping_status":"closed","template":"","meta":{"_acf_changed":false,"inline_featured_image":false,"footnotes":""},"class_list":["post-2092","page","type-page","status-publish"],"acf":[],"yoast_head":"<!-- This site is optimized with the Yoast SEO Premium plugin v26.8 (Yoast SEO v27.5) - https:\/\/yoast.com\/product\/yoast-seo-premium-wordpress\/ -->\n<title>Contacts - Bus Algarve<\/title>\n<meta name=\"description\" content=\"Contact Bus Algarve sales team to ask for a personalized quote for a transportation service: mini-bus, large bus, shuttle, private transfer.\" \/>\n<meta name=\"robots\" content=\"index, follow, max-snippet:-1, max-image-preview:large, max-video-preview:-1\" \/>\n<link rel=\"canonical\" href=\"https:\/\/bus-algarve.com\/de\/contact-bus-algarve\/\" \/>\n<meta property=\"og:locale\" content=\"de_DE\" \/>\n<meta property=\"og:type\" content=\"article\" \/>\n<meta property=\"og:title\" content=\"Contacts\" \/>\n<meta property=\"og:description\" content=\"Contact Bus Algarve sales team to ask for a personalized quote for a transportation service: mini-bus, large bus, shuttle, private transfer.\" \/>\n<meta property=\"og:url\" content=\"https:\/\/bus-algarve.com\/de\/contact-bus-algarve\/\" \/>\n<meta property=\"og:site_name\" content=\"Bus Algarve\" \/>\n<meta property=\"article:modified_time\" content=\"2025-07-08T11:21:39+00:00\" \/>\n<meta property=\"og:image\" content=\"https:\/\/bus-algarve.com\/wp-content\/uploads\/sites\/18\/2025\/01\/fotos-site-bus.jpg\" \/>\n\t<meta property=\"og:image:width\" content=\"2000\" \/>\n\t<meta property=\"og:image:height\" content=\"475\" \/>\n\t<meta property=\"og:image:type\" content=\"image\/jpeg\" \/>\n<meta name=\"twitter:card\" content=\"summary_large_image\" \/>\n<meta name=\"twitter:label1\" content=\"Gesch\u00e4tzte Lesezeit\" \/>\n\t<meta name=\"twitter:data1\" content=\"1\u00a0Minute\" \/>\n<script type=\"application\/ld+json\" class=\"yoast-schema-graph\">{\"@context\":\"https:\\\/\\\/schema.org\",\"@graph\":[{\"@type\":\"WebPage\",\"@id\":\"https:\\\/\\\/bus-algarve.com\\\/contact-bus-algarve\\\/\",\"url\":\"https:\\\/\\\/bus-algarve.com\\\/contact-bus-algarve\\\/\",\"name\":\"Contacts - Bus Algarve\",\"isPartOf\":{\"@id\":\"https:\\\/\\\/bus-algarve.com\\\/#website\"},\"datePublished\":\"2014-03-31T03:53:02+00:00\",\"dateModified\":\"2025-07-08T11:21:39+00:00\",\"description\":\"Contact Bus Algarve sales team to ask for a personalized quote for a transportation service: mini-bus, large bus, shuttle, private transfer.\",\"breadcrumb\":{\"@id\":\"https:\\\/\\\/bus-algarve.com\\\/contact-bus-algarve\\\/#breadcrumb\"},\"inLanguage\":\"de\",\"potentialAction\":[{\"@type\":\"ReadAction\",\"target\":[\"https:\\\/\\\/bus-algarve.com\\\/contact-bus-algarve\\\/\"]}]},{\"@type\":\"BreadcrumbList\",\"@id\":\"https:\\\/\\\/bus-algarve.com\\\/contact-bus-algarve\\\/#breadcrumb\",\"itemListElement\":[{\"@type\":\"ListItem\",\"position\":1,\"name\":\"Home\",\"item\":\"https:\\\/\\\/bus-algarve.com\\\/\"},{\"@type\":\"ListItem\",\"position\":2,\"name\":\"Contacts\"}]},{\"@type\":\"WebSite\",\"@id\":\"https:\\\/\\\/bus-algarve.com\\\/#website\",\"url\":\"https:\\\/\\\/bus-algarve.com\\\/\",\"name\":\"Bus Algarve\",\"description\":\"Coach &amp; Minibus Hire Services\",\"publisher\":{\"@id\":\"https:\\\/\\\/bus-algarve.com\\\/#organization\"},\"potentialAction\":[{\"@type\":\"SearchAction\",\"target\":{\"@type\":\"EntryPoint\",\"urlTemplate\":\"https:\\\/\\\/bus-algarve.com\\\/?s={search_term_string}\"},\"query-input\":{\"@type\":\"PropertyValueSpecification\",\"valueRequired\":true,\"valueName\":\"search_term_string\"}}],\"inLanguage\":\"de\"},{\"@type\":\"Organization\",\"@id\":\"https:\\\/\\\/bus-algarve.com\\\/#organization\",\"name\":\"Bus Algarve\",\"url\":\"https:\\\/\\\/bus-algarve.com\\\/\",\"logo\":{\"@type\":\"ImageObject\",\"inLanguage\":\"de\",\"@id\":\"https:\\\/\\\/bus-algarve.com\\\/#\\\/schema\\\/logo\\\/image\\\/\",\"url\":\"https:\\\/\\\/bus-algarve.com\\\/wp-content\\\/uploads\\\/sites\\\/18\\\/2025\\\/01\\\/logo_tulip_branco.png\",\"contentUrl\":\"https:\\\/\\\/bus-algarve.com\\\/wp-content\\\/uploads\\\/sites\\\/18\\\/2025\\\/01\\\/logo_tulip_branco.png\",\"width\":1218,\"height\":570,\"caption\":\"Bus Algarve\"},\"image\":{\"@id\":\"https:\\\/\\\/bus-algarve.com\\\/#\\\/schema\\\/logo\\\/image\\\/\"}}]}<\/script>\n<!-- \/ Yoast SEO Premium plugin. -->","yoast_head_json":{"title":"Contacts - Bus Algarve","description":"Contact Bus Algarve sales team to ask for a personalized quote for a transportation service: mini-bus, large bus, shuttle, private transfer.","robots":{"index":"index","follow":"follow","max-snippet":"max-snippet:-1","max-image-preview":"max-image-preview:large","max-video-preview":"max-video-preview:-1"},"canonical":"https:\/\/bus-algarve.com\/de\/contact-bus-algarve\/","og_locale":"de_DE","og_type":"article","og_title":"Contacts","og_description":"Contact Bus Algarve sales team to ask for a personalized quote for a transportation service: mini-bus, large bus, shuttle, private transfer.","og_url":"https:\/\/bus-algarve.com\/de\/contact-bus-algarve\/","og_site_name":"Bus Algarve","article_modified_time":"2025-07-08T11:21:39+00:00","og_image":[{"width":2000,"height":475,"url":"https:\/\/bus-algarve.com\/wp-content\/uploads\/sites\/18\/2025\/01\/fotos-site-bus.jpg","type":"image\/jpeg"}],"twitter_card":"summary_large_image","twitter_misc":{"Gesch\u00e4tzte Lesezeit":"1\u00a0Minute"},"schema":{"@context":"https:\/\/schema.org","@graph":[{"@type":"WebPage","@id":"https:\/\/bus-algarve.com\/contact-bus-algarve\/","url":"https:\/\/bus-algarve.com\/contact-bus-algarve\/","name":"Contacts - Bus Algarve","isPartOf":{"@id":"https:\/\/bus-algarve.com\/#website"},"datePublished":"2014-03-31T03:53:02+00:00","dateModified":"2025-07-08T11:21:39+00:00","description":"Contact Bus Algarve sales team to ask for a personalized quote for a transportation service: mini-bus, large bus, shuttle, private transfer.","breadcrumb":{"@id":"https:\/\/bus-algarve.com\/contact-bus-algarve\/#breadcrumb"},"inLanguage":"de","potentialAction":[{"@type":"ReadAction","target":["https:\/\/bus-algarve.com\/contact-bus-algarve\/"]}]},{"@type":"BreadcrumbList","@id":"https:\/\/bus-algarve.com\/contact-bus-algarve\/#breadcrumb","itemListElement":[{"@type":"ListItem","position":1,"name":"Home","item":"https:\/\/bus-algarve.com\/"},{"@type":"ListItem","position":2,"name":"Contacts"}]},{"@type":"WebSite","@id":"https:\/\/bus-algarve.com\/#website","url":"https:\/\/bus-algarve.com\/","name":"Bus Algarve","description":"Bus- und Minibusvermietung","publisher":{"@id":"https:\/\/bus-algarve.com\/#organization"},"potentialAction":[{"@type":"SearchAction","target":{"@type":"EntryPoint","urlTemplate":"https:\/\/bus-algarve.com\/?s={search_term_string}"},"query-input":{"@type":"PropertyValueSpecification","valueRequired":true,"valueName":"search_term_string"}}],"inLanguage":"de"},{"@type":"Organization","@id":"https:\/\/bus-algarve.com\/#organization","name":"Bus Algarve","url":"https:\/\/bus-algarve.com\/","logo":{"@type":"ImageObject","inLanguage":"de","@id":"https:\/\/bus-algarve.com\/#\/schema\/logo\/image\/","url":"https:\/\/bus-algarve.com\/wp-content\/uploads\/sites\/18\/2025\/01\/logo_tulip_branco.png","contentUrl":"https:\/\/bus-algarve.com\/wp-content\/uploads\/sites\/18\/2025\/01\/logo_tulip_branco.png","width":1218,"height":570,"caption":"Bus Algarve"},"image":{"@id":"https:\/\/bus-algarve.com\/#\/schema\/logo\/image\/"}}]}},"_links":{"self":[{"href":"https:\/\/bus-algarve.com\/de\/wp-json\/wp\/v2\/pages\/2092","targetHints":{"allow":["GET"]}}],"collection":[{"href":"https:\/\/bus-algarve.com\/de\/wp-json\/wp\/v2\/pages"}],"about":[{"href":"https:\/\/bus-algarve.com\/de\/wp-json\/wp\/v2\/types\/page"}],"author":[{"embeddable":true,"href":"https:\/\/bus-algarve.com\/de\/wp-json\/wp\/v2\/users\/8"}],"replies":[{"embeddable":true,"href":"https:\/\/bus-algarve.com\/de\/wp-json\/wp\/v2\/comments?post=2092"}],"version-history":[{"count":15,"href":"https:\/\/bus-algarve.com\/de\/wp-json\/wp\/v2\/pages\/2092\/revisions"}],"predecessor-version":[{"id":2983,"href":"https:\/\/bus-algarve.com\/de\/wp-json\/wp\/v2\/pages\/2092\/revisions\/2983"}],"wp:attachment":[{"href":"https:\/\/bus-algarve.com\/de\/wp-json\/wp\/v2\/media?parent=2092"}],"curies":[{"name":"wp","href":"https:\/\/api.w.org\/{rel}","templated":true}]}}